{"id":883,"date":"2015-05-14T09:22:45","date_gmt":"2015-05-14T08:22:45","guid":{"rendered":"http:\/\/www.chookdee.de\/home\/?page_id=883"},"modified":"2025-01-27T20:14:10","modified_gmt":"2025-01-27T19:14:10","slug":"krabi-krabong","status":"publish","type":"page","link":"https:\/\/www.chookdee.de\/home\/thailand\/krabi-krabong\/","title":{"rendered":"Krabi Krabong"},"content":{"rendered":"<p>Krabi Krabong (frei \u00fcbersetzt: Lang- und Kurzwaffe) ist eine alte thail\u00e4ndische Waffenkunst, die auch heute noch zur Grundausbildung bei Armee und Polizei geh\u00f6rt. Weitere Informationen <a href=\"https:\/\/www.thai-kampfkunst.de\/krabi-krabong\/\" target=\"_blank\" rel=\"noopener noreferrer\">hier<\/a> oder <a href=\"http:\/\/www.pride-of-korea.de\/kampfkunst\/uebersicht\/Krabi-Krabong.html\" target=\"_blank\" rel=\"noopener noreferrer\">hier<\/a>.<\/p>\n<p>Im August 2008 hatte an einem Kurs im <a href=\"http:\/\/www.wathannover.de\/\" target=\"_blank\" rel=\"noopener noreferrer\">Wat Hannover<\/a> (Wat Dhammavihara) teilgenommem.<br \/>\nDie Lehrer kamen aus der Buddhai Sawan Thai Sword Fight School\u00a0 in Kanchanaburi. Die Schule ist heute wohl geschlossen, weiter gelehrt werden soll im Buddhai Sawan Pramote Gym in Bangkok.<\/p>\n<p>&nbsp;<\/p>\n<div style=\"width: 525px;\" class=\"wp-video\"><video class=\"wp-video-shortcode\" id=\"video-883-1\" width=\"525\" height=\"394\" preload=\"metadata\" controls=\"controls\"><source type=\"video\/mp4\" src=\"https:\/\/www.chookdee.de\/home\/wp-content\/uploads\/video\/krabikrabong_demo.mp4?_=1\" \/><a href=\"https:\/\/www.chookdee.de\/home\/wp-content\/uploads\/video\/krabikrabong_demo.mp4\">https:\/\/www.chookdee.de\/home\/wp-content\/uploads\/video\/krabikrabong_demo.mp4<\/a><\/video><\/div>\n<p>&nbsp;<\/p>\n<div style=\"width: 525px;\" class=\"wp-video\"><video class=\"wp-video-shortcode\" id=\"video-883-2\" width=\"525\" height=\"394\" preload=\"metadata\" controls=\"controls\"><source type=\"video\/mp4\" src=\"https:\/\/www.chookdee.de\/home\/wp-content\/uploads\/video\/krabikrabong_noi.mp4?_=2\" \/><a href=\"https:\/\/www.chookdee.de\/home\/wp-content\/uploads\/video\/krabikrabong_noi.mp4\">https:\/\/www.chookdee.de\/home\/wp-content\/uploads\/video\/krabikrabong_noi.mp4<\/a><\/video><\/div>\n","protected":false},"excerpt":{"rendered":"<p>Krabi Krabong (frei \u00fcbersetzt: Lang- und Kurzwaffe) ist eine alte thail\u00e4ndische Waffenkunst, die auch heute noch zur Grundausbildung bei Armee und Polizei geh\u00f6rt. Weitere Informationen hier oder hier. Im August 2008 hatte an einem Kurs im Wat Hannover (Wat Dhammavihara) teilgenommem. Die Lehrer kamen aus der Buddhai Sawan Thai Sword Fight School\u00a0 in Kanchanaburi. Die &hellip; <\/p>\n<p class=\"link-more\"><a href=\"https:\/\/www.chookdee.de\/home\/thailand\/krabi-krabong\/\" class=\"more-link\"><span class=\"screen-reader-text\">\u201eKrabi Krabong\u201c <\/span>weiterlesen<\/a><\/p>\n","protected":false},"author":1,"featured_media":0,"parent":343,"menu_order":2,"comment_status":"closed","ping_status":"closed","template":"","meta":{"footnotes":"","_links_to":"","_links_to_target":""},"class_list":["post-883","page","type-page","status-publish","hentry"],"_links":{"self":[{"href":"https:\/\/www.chookdee.de\/home\/wp-json\/wp\/v2\/pages\/883","targetHints":{"allow":["GET"]}}],"collection":[{"href":"https:\/\/www.chookdee.de\/home\/wp-json\/wp\/v2\/pages"}],"about":[{"href":"https:\/\/www.chookdee.de\/home\/wp-json\/wp\/v2\/types\/page"}],"author":[{"embeddable":true,"href":"https:\/\/www.chookdee.de\/home\/wp-json\/wp\/v2\/users\/1"}],"replies":[{"embeddable":true,"href":"https:\/\/www.chookdee.de\/home\/wp-json\/wp\/v2\/comments?post=883"}],"version-history":[{"count":27,"href":"https:\/\/www.chookdee.de\/home\/wp-json\/wp\/v2\/pages\/883\/revisions"}],"predecessor-version":[{"id":1352,"href":"https:\/\/www.chookdee.de\/home\/wp-json\/wp\/v2\/pages\/883\/revisions\/1352"}],"up":[{"embeddable":true,"href":"https:\/\/www.chookdee.de\/home\/wp-json\/wp\/v2\/pages\/343"}],"wp:attachment":[{"href":"https:\/\/www.chookdee.de\/home\/wp-json\/wp\/v2\/media?parent=883"}],"curies":[{"name":"wp","href":"https:\/\/api.w.org\/{rel}","templated":true}]}}