{"id":860,"date":"2015-03-03T20:34:54","date_gmt":"2015-03-03T19:34:54","guid":{"rendered":"http:\/\/www.chookdee.de\/home\/?page_id=860"},"modified":"2019-11-22T18:32:20","modified_gmt":"2019-11-22T17:32:20","slug":"start","status":"publish","type":"page","link":"https:\/\/www.chookdee.de\/home\/","title":{"rendered":"Home"},"content":{"rendered":"\n<p>Ich weiss nicht, warum du die Seite aufgerufen oder wie du sie gefunden hast.<br>Aber wenn du schon mal da bist &#8211; willkommen.<br><br> Chookdee (\u0e42\u0e0a\u0e04\u0e14\u0e35) ist thail\u00e4ndisch und bedeutet Gl\u00fcck.<br>\u0e04\u0e19\u0e17\u0e35\u0e48\u0e40\u0e1b\u0e47\u0e19\u0e2d\u0e34\u0e2a\u0e23\u0e30 (itsara) ist das thail\u00e4ndische Wort f\u00fcr unabh\u00e4ngig.<br>Gl\u00fcck hat, wer unabh\u00e4ngig sein kann \u2013 oder so. <br><br> Hier gibt&#8217;s nichts, was du nicht an anderer Stelle im Netz finden w\u00fcrdest, von den paar eigenen Bildern mal abgesehen. <br><br> Nach Jahren intensiver Online-Kommunikation bin ich m\u00fcde geworden, doch  ganz darauf verzichten mag ich nun auch wieder nicht. Soziale Netzwerke  sind nicht meins, sie nehmen mehr als sie (zur\u00fcck-) geben. So schreibe  ich hier je nach Lust, Laune oder Zeit. <\/p>\n","protected":false},"excerpt":{"rendered":"<p>Ich weiss nicht, warum du die Seite aufgerufen oder wie du sie gefunden hast.Aber wenn du schon mal da bist &#8211; willkommen. Chookdee (\u0e42\u0e0a\u0e04\u0e14\u0e35) ist thail\u00e4ndisch und bedeutet Gl\u00fcck.\u0e04\u0e19\u0e17\u0e35\u0e48\u0e40\u0e1b\u0e47\u0e19\u0e2d\u0e34\u0e2a\u0e23\u0e30 (itsara) ist das thail\u00e4ndische Wort f\u00fcr unabh\u00e4ngig.Gl\u00fcck hat, wer unabh\u00e4ngig sein kann \u2013 oder so. Hier gibt&#8217;s nichts, was du nicht an anderer Stelle im Netz &hellip; <\/p>\n<p class=\"link-more\"><a href=\"https:\/\/www.chookdee.de\/home\/\" class=\"more-link\"><span class=\"screen-reader-text\">\u201eHome\u201c <\/span>weiterlesen<\/a><\/p>\n","protected":false},"author":1,"featured_media":1050,"parent":0,"menu_order":1,"comment_status":"closed","ping_status":"closed","template":"","meta":{"footnotes":"","_links_to":"","_links_to_target":""},"class_list":["post-860","page","type-page","status-publish","has-post-thumbnail","hentry"],"_links":{"self":[{"href":"https:\/\/www.chookdee.de\/home\/wp-json\/wp\/v2\/pages\/860","targetHints":{"allow":["GET"]}}],"collection":[{"href":"https:\/\/www.chookdee.de\/home\/wp-json\/wp\/v2\/pages"}],"about":[{"href":"https:\/\/www.chookdee.de\/home\/wp-json\/wp\/v2\/types\/page"}],"author":[{"embeddable":true,"href":"https:\/\/www.chookdee.de\/home\/wp-json\/wp\/v2\/users\/1"}],"replies":[{"embeddable":true,"href":"https:\/\/www.chookdee.de\/home\/wp-json\/wp\/v2\/comments?post=860"}],"version-history":[{"count":21,"href":"https:\/\/www.chookdee.de\/home\/wp-json\/wp\/v2\/pages\/860\/revisions"}],"predecessor-version":[{"id":1280,"href":"https:\/\/www.chookdee.de\/home\/wp-json\/wp\/v2\/pages\/860\/revisions\/1280"}],"wp:featuredmedia":[{"embeddable":true,"href":"https:\/\/www.chookdee.de\/home\/wp-json\/wp\/v2\/media\/1050"}],"wp:attachment":[{"href":"https:\/\/www.chookdee.de\/home\/wp-json\/wp\/v2\/media?parent=860"}],"curies":[{"name":"wp","href":"https:\/\/api.w.org\/{rel}","templated":true}]}}